{"id":91038,"date":"2025-06-20T07:20:39","date_gmt":"2025-06-20T05:20:39","guid":{"rendered":"https:\/\/castiello.com\/tradicion\/"},"modified":"2025-12-01T14:28:10","modified_gmt":"2025-12-01T13:28:10","slug":"board-of-directors","status":"publish","type":"page","link":"https:\/\/castiello.com\/en\/board-of-directors\/","title":{"rendered":"Board of Directors"},"content":{"rendered":"<div class=\"brz brz-root__container brz-reset-all brz-root__container-page\">\n<section id=\"e4bea66289493eaab602_jUILygXGN_gO\" class=\"brz-section brz-css-gu6x5p brz-css-11s5nrr\">\n<div class=\"brz-section__content brz-section--fullWidth brz-css-1tt92nz brz-css-1tsr5sb\" data-brz-custom-id=\"o_SAwAeMSbmb\">\n<div class=\"brz-bg\">\n<div class=\"brz-bg-color\"><\/div>\n<\/div>\n<div class=\"brz-container brz-css-fevgdv brz-css-1tfrhvz\">\n<div class=\"brz-row__container brz-css-19iwmwj brz-css-sgtxbt\" data-brz-custom-id=\"riAqvI33GEay\">\n<div class=\"brz-row brz-css-1ubb8h2 brz-css-1t12cax brz-css-148s194\">\n<div class=\"brz-columns brz-css-1970ctj brz-css-2rycb0\" data-brz-custom-id=\"qirRHuD5rDG0\">\n<div class=\"brz-bg\">\n<div class=\"brz-bg-color\"><\/div>\n<\/div>\n<div class=\"brz-column__items brz-css-292efs brz-css-an74ez\">\n<div id=\"\" class=\"brz-css-sn1qy1 brz-css-1gdsz1s brz-wrapper\">\n<div class=\"brz-rich-text brz-rich-text__custom brz-css-wqzvxt brz-css-4qwxm\" data-brz-custom-id=\"qU2wJjRVMGl1\">\n<div data-brz-translate-text=\"1\">\n<p class=\"brz-fs-xs-3 brz-tp-xs-empty brz-fsft-xs-0 brz-fwdth-xs-100 brz-vfw-xs-400 brz-lh-xs-1 brz-ls-xs-1_9 brz-fw-xs-700 brz-fss-xs-vw brz-fsft-lg-0 brz-fwdth-lg-100 brz-vfw-lg-400 brz-lh-lg-1 brz-ls-lg-1_9 brz-fw-lg-700 brz-fss-lg-vw brz-fs-lg-0_8 brz-ft-google brz-ff-alegreya_sans brz-tp-lg-empty brz-text-lg-center brz-tp-sm-empty brz-fs-sm-1_5 brz-fss-sm-vw brz-fw-sm-700 brz-ls-sm-1_9 brz-lh-sm-1 brz-vfw-sm-400 brz-fwdth-sm-100 brz-fsft-sm-0 brz-css-mBY3S\" data-uniq-id=\"hsy9a\" data-generated-css=\"brz-css-tjvWs\"><span class=\"brz-cp-color8\">EL CLUB<\/span><\/p>\n<\/div>\n<\/div>\n<\/div>\n<div id=\"\" class=\"brz-css-sn1qy1 brz-css-14bp4lj brz-wrapper\">\n<div class=\"brz-line brz-line-default brz-css-cmgj0m brz-css-1jdetoe\" data-brz-custom-id=\"sV17VFDIWTn8\">\n<hr class=\"brz-hr\"><\/div>\n<\/div>\n<div id=\"\" class=\"brz-css-sn1qy1 brz-css-1hqhpoa brz-wrapper\">\n<div class=\"brz-rich-text brz-rich-text__custom brz-css-wqzvxt brz-css-1v42s0n\" data-brz-custom-id=\"vpsqimK1dJP3\">\n<div data-brz-translate-text=\"1\">\n<p class=\"brz-fsft-sm-0 brz-fwdth-sm-100 brz-vfw-sm-400 brz-lh-sm-1 brz-ls-sm-0 brz-fw-sm-400 brz-fss-sm-vw brz-fs-sm-4_5 brz-tp-sm-empty brz-fsft-lg-0 brz-fwdth-lg-100 brz-vfw-lg-400 brz-lh-lg-1 brz-ls-lg-0 brz-fw-lg-400 brz-fss-lg-vw brz-fs-lg-3_8 brz-ft-upload brz-ff-mcY2JX9gm_P0 brz-tp-lg-empty brz-text-lg-center brz-tp-xs-heading3 brz-css-meD_R\" data-uniq-id=\"jqH_n\" data-generated-css=\"brz-css-bEXJe\"><span class=\"brz-uppercase-true brz-cp-color8\">Board of Directors<\/span><\/p>\n<\/div>\n<\/div>\n<\/div>\n<\/div>\n<\/div>\n<\/div>\n<\/div>\n<\/div>\n<\/div>\n<\/section>\n<section id=\"3bdbcd131c3fd42f7e29_kCdfzWFpjjZc\" class=\"brz-section brz-css-134smhu brz-css-zzu77i\">\n<div class=\"brz-section__content brz-section--boxed brz-css-1sl0mi brz-css-1xc2iry\" data-brz-custom-id=\"nDSoNWvAkOnU\">\n<div class=\"brz-bg\">\n<div class=\"brz-bg-image\"><\/div>\n<div class=\"brz-bg-color\"><\/div>\n<\/div>\n<div class=\"brz-container brz-css-1jjzvnp brz-css-16ru1i\">\n<div class=\"brz-row__container brz-css-uhfjmx brz-css-1248w34\" data-brz-custom-id=\"vgU_J34GZl_7\">\n<div class=\"brz-row brz-css-1j94hce brz-css-15hk84r brz-css-f5j7of\">\n<div data-brz-iteration-count=\"1\" class=\"brz-columns brz-css-coun0t brz-css-1wn79ae brz-animated brz-css-178ixab brz-css-17pe5rw\" data-brz-custom-id=\"bKfnpGNsTxr9\">\n<div class=\"brz-bg\">\n<div class=\"brz-bg-color\"><\/div>\n<\/div>\n<div class=\"brz-column__items brz-css-1bmqhd3 brz-css-1vgk040\">\n<div id=\"\" class=\"brz-css-3c97oj brz-css-j7unkm brz-wrapper\">\n<div class=\"brz-rich-text brz-rich-text__custom brz-css-8ofmx9 brz-css-1pp86f2\" data-brz-custom-id=\"tSwlDJtmV4gV\">\n<div data-brz-translate-text=\"1\">\n<p class=\"brz-tp-sm-heading3 brz-tp-xs-heading4 brz-fsft-lg-0 brz-fwdth-lg-100 brz-vfw-lg-400 brz-lh-lg-1_5 brz-ls-lg-0 brz-fw-lg-400 brz-fss-lg-vw brz-fs-lg-1_7 brz-ft-upload brz-ff-mcY2JX9gm_P0 brz-tp-lg-empty brz-text-lg-center brz-css-hrkfu\" data-uniq-id=\"iwnd5\" data-generated-css=\"brz-css-iy3C6\"><strong class=\"brz-cp-color2 brz-bold-true\">President:<\/strong><span class=\"brz-cp-color2\"> Mr. Casimiro Ayesta Gonz\u00e1lez<\/span><\/p>\n<\/div>\n<\/div>\n<\/div>\n<\/div>\n<\/div>\n<\/div>\n<\/div>\n<div class=\"brz-row__container brz-css-uhfjmx brz-css-17wg16w\" data-brz-custom-id=\"jrudwrPfvvz1\">\n<div class=\"brz-row brz-css-1j94hce brz-css-15hk84r brz-css-d24guj\">\n<div data-brz-iteration-count=\"1\" class=\"brz-columns brz-css-coun0t brz-css-1ninfv1 brz-animated brz-css-icf1eh brz-css-2u20rq\" data-brz-custom-id=\"jU35aIbKEbT3\">\n<div class=\"brz-bg\">\n<div class=\"brz-bg-color\"><\/div>\n<\/div>\n<div class=\"brz-column__items brz-css-1bmqhd3 brz-css-6ylpmx\">\n<div id=\"\" class=\"brz-css-3c97oj brz-css-1o2ff7 brz-wrapper\">\n<div class=\"brz-rich-text brz-rich-text__custom brz-css-8ofmx9 brz-css-ks4fn9\" data-brz-custom-id=\"vEXPhWzoOkQH\">\n<div data-brz-translate-text=\"1\">\n<p class=\"brz-fsft-xs-0 brz-fwdth-xs-100 brz-vfw-xs-400 brz-lh-xs-1_1 brz-ls-xs-0 brz-fw-xs-400 brz-fss-xs-vw brz-fs-xs-3_5 brz-tp-xs-empty brz-text-lg-center brz-tp-sm-heading4 brz-tp-lg-empty brz-ff-mcY2JX9gm_P0 brz-ft-upload brz-fs-lg-1_6 brz-fss-lg-vw brz-fw-lg-400 brz-ls-lg-0 brz-lh-lg-1_5 brz-vfw-lg-400 brz-fwdth-lg-100 brz-fsft-lg-0 brz-css-ptCqY\" data-uniq-id=\"zfhEv\" data-generated-css=\"brz-css-iXeGx\"><strong class=\"brz-cp-color4 brz-bold-true\">Vice President<\/strong><span class=\"brz-cp-color4\">: Mr. Juan Garc\u00eda-Ochoa Zuazua<\/span><\/p>\n<\/div>\n<\/div>\n<\/div>\n<\/div>\n<\/div>\n<\/div>\n<\/div>\n<div class=\"brz-row__container brz-css-uhfjmx brz-css-1ozefar\" data-brz-custom-id=\"qzatsfTmUQH4\">\n<div class=\"brz-row brz-css-1j94hce brz-css-15hk84r brz-css-1myno3b\">\n<div data-brz-iteration-count=\"1\" class=\"brz-columns brz-css-coun0t brz-css-14hk6km brz-animated brz-css-quo7ht brz-css-11pg5aq\" data-brz-custom-id=\"m_hxD_MkRD4h\">\n<div class=\"brz-bg\">\n<div class=\"brz-bg-color\"><\/div>\n<\/div>\n<div class=\"brz-column__items brz-css-1bmqhd3 brz-css-1uvkmf0\">\n<div id=\"\" class=\"brz-css-3c97oj brz-css-fj4vbe brz-wrapper\">\n<div class=\"brz-rich-text brz-rich-text__custom brz-css-8ofmx9 brz-css-l2fvtp\" data-brz-custom-id=\"gIT5WCQXCbE4\">\n<div data-brz-translate-text=\"1\">\n<p class=\"brz-text-lg-center brz-tp-xs-empty brz-fs-xs-3_5 brz-fss-xs-vw brz-fw-xs-400 brz-lh-xs-1_1 brz-ls-xs-0 brz-vfw-xs-400 brz-fwdth-xs-100 brz-fsft-xs-0 brz-tp-sm-heading4 brz-tp-lg-empty brz-ff-mcY2JX9gm_P0 brz-ft-upload brz-fs-lg-1_5 brz-fss-lg-vw brz-fw-lg-400 brz-ls-lg-0 brz-lh-lg-1_5 brz-vfw-lg-400 brz-fwdth-lg-100 brz-fsft-lg-0 brz-css-fxMMR\" data-generated-css=\"brz-css-kSlyT\" data-uniq-id=\"jtAYu\"><strong class=\"brz-cp-color4 brz-bold-true\">Treasurer<\/strong><span class=\"brz-cp-color4\">: Ms. Luc\u00eda Herrero Cuevas<\/span><\/p>\n<\/div>\n<\/div>\n<\/div>\n<\/div>\n<\/div>\n<\/div>\n<\/div>\n<div class=\"brz-row__container brz-css-uhfjmx brz-css-1ar0ma2\" data-brz-custom-id=\"chnwyKZ4RoGm\">\n<div class=\"brz-row brz-css-1j94hce brz-css-15hk84r brz-css-5ceszc\">\n<div data-brz-iteration-count=\"1\" class=\"brz-columns brz-css-coun0t brz-css-c3687c brz-animated brz-css-am78nu brz-css-1fhebms\" data-brz-custom-id=\"kCKbivi7wAO3\">\n<div class=\"brz-bg\">\n<div class=\"brz-bg-color\"><\/div>\n<\/div>\n<div class=\"brz-column__items brz-css-1bmqhd3 brz-css-1imbok5\">\n<div id=\"\" class=\"brz-css-3c97oj brz-css-16vve9h brz-wrapper\">\n<div class=\"brz-rich-text brz-rich-text__custom brz-css-8ofmx9 brz-css-qrcrfu\" data-brz-custom-id=\"oQS8_zDGFB33\">\n<div data-brz-translate-text=\"1\">\n<p class=\"brz-fsft-lg-0 brz-fwdth-lg-100 brz-vfw-lg-400 brz-lh-lg-1_5 brz-ls-lg-0 brz-fw-lg-400 brz-fss-lg-vw brz-fs-lg-1_5 brz-ft-upload brz-ff-mcY2JX9gm_P0 brz-tp-lg-empty brz-text-lg-center brz-tp-xs-empty brz-fs-xs-3_5 brz-fss-xs-vw brz-fw-xs-400 brz-lh-xs-1_1 brz-ls-xs-0 brz-vfw-xs-400 brz-fwdth-xs-100 brz-fsft-xs-0 brz-tp-sm-heading4 brz-css-jSoBe\" data-uniq-id=\"hi1mN\" data-generated-css=\"brz-css-ziDv6\"><strong class=\"brz-cp-color4\">Secretary:<\/strong><span class=\"brz-cp-color4\">&nbsp;Mr. Fernando Garc\u00eda-Montoto Garc\u00eda<\/span><\/p>\n<\/div>\n<\/div>\n<\/div>\n<\/div>\n<\/div>\n<\/div>\n<\/div>\n<div data-brz-iteration-count=\"1\" class=\"brz-row__container brz-css-uhfjmx brz-css-14hp6ny brz-animated brz-css-vjvzla brz-css-1vhkwo3\" data-brz-custom-id=\"zK2hMDyCRdE7\">\n<div class=\"brz-row brz-css-1j94hce brz-css-ewtnvk\">\n<div class=\"brz-columns brz-css-coun0t brz-css-orc2bx\" data-brz-custom-id=\"oVYmSn9h1aL_\">\n<div class=\"brz-column__items brz-css-1bmqhd3 brz-css-f831gx\">\n<div id=\"\" class=\"brz-css-3c97oj brz-css-wefke8 brz-wrapper\">\n<div class=\"brz-rich-text brz-rich-text__custom brz-css-8ofmx9 brz-css-flm93c\" data-brz-custom-id=\"yT_QD4g1t0rp\">\n<div data-brz-translate-text=\"1\">\n<p class=\"brz-tp-sm-heading3 brz-tp-xs-heading4 brz-text-lg-center brz-tp-lg-empty brz-ff-mcY2JX9gm_P0 brz-ft-upload brz-fs-lg-1_7 brz-fss-lg-vw brz-fw-lg-700 brz-ls-lg-0 brz-lh-lg-1 brz-vfw-lg-400 brz-fwdth-lg-100 brz-fsft-lg-0 brz-css-uCdK6\" data-generated-css=\"brz-css-yw4sF\" data-uniq-id=\"eV4LC\"><span class=\"brz-cp-color2\">Board Members<\/span><\/p>\n<\/div>\n<\/div>\n<\/div>\n<div class=\"brz-row__container brz-css-uhfjmx brz-css-oc644e\" data-brz-custom-id=\"eAfSfBlWWze3\">\n<div class=\"brz-row brz-row--inner brz-css-1j94hce brz-css-15hk84r brz-css-1r94840\">\n<div class=\"brz-columns brz-css-coun0t brz-css-10288i7\" data-brz-custom-id=\"apcCZDSEuL2L\">\n<div class=\"brz-bg\">\n<div class=\"brz-bg-color\"><\/div>\n<\/div>\n<div class=\"brz-column__items brz-css-1bmqhd3 brz-css-rjgeln\">\n<div id=\"\" class=\"brz-css-3c97oj brz-css-1jpraar brz-wrapper\">\n<div class=\"brz-rich-text brz-rich-text__custom brz-css-8ofmx9 brz-css-194t9bv\" data-brz-custom-id=\"iNWJftX12m8P\">\n<div data-brz-translate-text=\"1\">\n<p class=\"brz-fsft-sm-0 brz-fwdth-sm-100 brz-vfw-sm-400 brz-lh-sm-1 brz-ls-sm-0 brz-fw-sm-500 brz-fss-sm-vw brz-fs-sm-2_8 brz-tp-sm-empty brz-fsft-xs-0 brz-fwdth-xs-100 brz-vfw-xs-400 brz-ls-xs-0 brz-lh-xs-1_1 brz-fw-xs-400 brz-fss-xs-vw brz-fs-xs-3_5 brz-tp-xs-empty brz-text-lg-center brz-fss-lg-vw brz-fw-lg-400 brz-ls-lg-0 brz-lh-lg-1_5 brz-vfw-lg-400 brz-fwdth-lg-100 brz-fsft-lg-0 brz-tp-lg-empty brz-ff-mcY2JX9gm_P0 brz-ft-upload brz-fs-lg-1_3 brz-css-qINPP\" data-generated-css=\"brz-css-fQGiQ\" data-uniq-id=\"yp09s\"><span class=\"brz-cp-color4\">Mr. Miguel D\u00edaz-Negrete Palacio<\/span><\/p>\n<\/div>\n<\/div>\n<\/div>\n<\/div>\n<\/div>\n<\/div>\n<\/div>\n<div class=\"brz-row__container brz-css-uhfjmx brz-css-1rty3a6\" data-brz-custom-id=\"uDpQOdxmJx7I\">\n<div class=\"brz-row brz-row--inner brz-css-1j94hce brz-css-15hk84r brz-css-12s6l8x\">\n<div class=\"brz-columns brz-css-coun0t brz-css-1hw5ico\" data-brz-custom-id=\"p05QC7Xj1xHq\">\n<div class=\"brz-bg\">\n<div class=\"brz-bg-color\"><\/div>\n<\/div>\n<div class=\"brz-column__items brz-css-1bmqhd3 brz-css-quj0ol\">\n<div id=\"\" class=\"brz-css-3c97oj brz-css-1gkm59n brz-wrapper\">\n<div class=\"brz-rich-text brz-rich-text__custom brz-css-8ofmx9 brz-css-1cee7ma\" data-brz-custom-id=\"tiMAYJbb4pzd\">\n<div data-brz-translate-text=\"1\">\n<p class=\"brz-fsft-sm-0 brz-fwdth-sm-100 brz-vfw-sm-400 brz-ls-sm-0 brz-lh-sm-1 brz-fw-sm-500 brz-fss-sm-vw brz-fs-sm-2_8 brz-tp-sm-empty brz-fsft-xs-0 brz-fwdth-xs-100 brz-vfw-xs-400 brz-ls-xs-0 brz-lh-xs-1_1 brz-fw-xs-400 brz-fss-xs-vw brz-fs-xs-3_5 brz-tp-xs-empty brz-text-lg-center brz-fss-lg-vw brz-fw-lg-400 brz-ls-lg-0 brz-lh-lg-1_5 brz-vfw-lg-400 brz-fwdth-lg-100 brz-fsft-lg-0 brz-tp-lg-empty brz-ff-mcY2JX9gm_P0 brz-ft-upload brz-fs-lg-1_3 brz-css-q9onc\" data-generated-css=\"brz-css-omnvf\" data-uniq-id=\"b48y4\"><span class=\"brz-cp-color4\">Mr<\/span><span class=\"brz-cp-color4\">. Borja Tamargo Garc\u00eda<\/span><\/p>\n<\/div>\n<\/div>\n<\/div>\n<\/div>\n<\/div>\n<\/div>\n<\/div>\n<div class=\"brz-row__container brz-css-uhfjmx brz-css-1o922mi\" data-brz-custom-id=\"zJeuihHnTf9H\">\n<div class=\"brz-row brz-row--inner brz-css-1j94hce brz-css-15hk84r brz-css-slejbi\">\n<div class=\"brz-columns brz-css-coun0t brz-css-16dlgz7\" data-brz-custom-id=\"gKYYMTmo9OLp\">\n<div class=\"brz-bg\">\n<div class=\"brz-bg-color\"><\/div>\n<\/div>\n<div class=\"brz-column__items brz-css-1bmqhd3 brz-css-97e795\">\n<div id=\"\" class=\"brz-css-3c97oj brz-css-p80fo0 brz-wrapper\">\n<div class=\"brz-rich-text brz-rich-text__custom brz-css-8ofmx9 brz-css-1jk5e03\" data-brz-custom-id=\"jkQGv6irCMTx\">\n<div data-brz-translate-text=\"1\">\n<p class=\"brz-fsft-sm-0 brz-fwdth-sm-100 brz-vfw-sm-400 brz-ls-sm-0 brz-lh-sm-1 brz-fw-sm-500 brz-fss-sm-vw brz-fs-sm-2_8 brz-tp-sm-empty brz-fsft-xs-0 brz-fwdth-xs-100 brz-vfw-xs-400 brz-ls-xs-0 brz-lh-xs-1_1 brz-fw-xs-400 brz-fss-xs-vw brz-fs-xs-3_5 brz-tp-xs-empty brz-text-lg-center brz-fss-lg-vw brz-fw-lg-400 brz-ls-lg-0 brz-lh-lg-1_5 brz-vfw-lg-400 brz-fwdth-lg-100 brz-fsft-lg-0 brz-tp-lg-empty brz-ff-mcY2JX9gm_P0 brz-ft-upload brz-fs-lg-1_3 brz-css-ygTj2\" data-generated-css=\"brz-css-quQH3\" data-uniq-id=\"rfhRO\"><span class=\"brz-cp-color4\">Ms. Patricia Garc\u00eda Zapico<\/span><\/p>\n<\/div>\n<\/div>\n<\/div>\n<\/div>\n<\/div>\n<\/div>\n<\/div>\n<div class=\"brz-row__container brz-css-uhfjmx brz-css-qi8v5y\" data-brz-custom-id=\"eI4X1nm6gEvA\">\n<div class=\"brz-row brz-row--inner brz-css-1j94hce brz-css-15hk84r brz-css-sxjrdd\">\n<div class=\"brz-columns brz-css-coun0t brz-css-7u09ya\" data-brz-custom-id=\"adSPY_LvjKXZ\">\n<div class=\"brz-bg\">\n<div class=\"brz-bg-color\"><\/div>\n<\/div>\n<div class=\"brz-column__items brz-css-1bmqhd3 brz-css-ej7obx\">\n<div id=\"\" class=\"brz-css-3c97oj brz-css-1sbjxay brz-wrapper\">\n<div class=\"brz-rich-text brz-rich-text__custom brz-css-8ofmx9 brz-css-1x9m5n4\" data-brz-custom-id=\"u5u6_K7MowMH\">\n<div data-brz-translate-text=\"1\">\n<p class=\"brz-fsft-sm-0 brz-fwdth-sm-100 brz-vfw-sm-400 brz-ls-sm-0 brz-lh-sm-1 brz-fw-sm-500 brz-fss-sm-vw brz-fs-sm-2_8 brz-tp-sm-empty brz-fsft-xs-0 brz-fwdth-xs-100 brz-vfw-xs-400 brz-ls-xs-0 brz-lh-xs-1_1 brz-fw-xs-400 brz-fss-xs-vw brz-fs-xs-3_5 brz-tp-xs-empty brz-text-lg-center brz-fss-lg-vw brz-fw-lg-400 brz-ls-lg-0 brz-lh-lg-1_5 brz-vfw-lg-400 brz-fwdth-lg-100 brz-fsft-lg-0 brz-tp-lg-empty brz-ff-mcY2JX9gm_P0 brz-ft-upload brz-fs-lg-1_3 brz-css-rzPcN\" data-generated-css=\"brz-css-xynWC\" data-uniq-id=\"iS4wW\"><span class=\"brz-cp-color4\">Mr<\/span><span class=\"brz-cp-color4\">. I\u00f1aki Pradera Salazar<\/span><\/p>\n<\/div>\n<\/div>\n<\/div>\n<\/div>\n<\/div>\n<\/div>\n<\/div>\n<div class=\"brz-row__container brz-css-uhfjmx brz-css-135ckq\" data-brz-custom-id=\"gyx7ZbgJI7Ux\">\n<div class=\"brz-row brz-row--inner brz-css-1j94hce brz-css-15hk84r brz-css-wqf4er\">\n<div class=\"brz-columns brz-css-coun0t brz-css-v6wybl\" data-brz-custom-id=\"kWSbmfwQgGZu\">\n<div class=\"brz-bg\">\n<div class=\"brz-bg-color\"><\/div>\n<\/div>\n<div class=\"brz-column__items brz-css-1bmqhd3 brz-css-mv2zli\">\n<div id=\"\" class=\"brz-css-3c97oj brz-css-1nt2rgg brz-wrapper\">\n<div class=\"brz-rich-text brz-rich-text__custom brz-css-8ofmx9 brz-css-1keibto\" data-brz-custom-id=\"cXXqUmoXoOnR\">\n<div data-brz-translate-text=\"1\">\n<p class=\"brz-fs-lg-1_3 brz-ft-upload brz-ff-mcY2JX9gm_P0 brz-tp-lg-empty brz-fsft-lg-0 brz-fwdth-lg-100 brz-vfw-lg-400 brz-lh-lg-1_5 brz-ls-lg-0 brz-fw-lg-400 brz-fss-lg-vw brz-text-lg-center brz-tp-xs-empty brz-fs-xs-3_5 brz-fss-xs-vw brz-fw-xs-400 brz-lh-xs-1_1 brz-ls-xs-0 brz-vfw-xs-400 brz-fwdth-xs-100 brz-fsft-xs-0 brz-tp-sm-empty brz-fs-sm-2_8 brz-fss-sm-vw brz-fw-sm-500 brz-lh-sm-1 brz-ls-sm-0 brz-vfw-sm-400 brz-fwdth-sm-100 brz-fsft-sm-0 brz-css-vxNC2\" data-generated-css=\"brz-css-fgJwm\" data-uniq-id=\"b9Lae\"><strong class=\"brz-cp-color4\">Croquet Board Member:<\/strong><span class=\"brz-cp-color4\"> <\/span><span class=\"brz-cp-color4\">Mr<\/span><span class=\"brz-cp-color4\">. Rodrigo Su\u00e1rez Cueto<\/span><\/p>\n<\/div>\n<\/div>\n<\/div>\n<\/div>\n<\/div>\n<\/div>\n<\/div>\n<\/div>\n<\/div>\n<\/div>\n<\/div>\n<\/div>\n<\/div>\n<\/section><\/div>\n<p><!-- version:1753395978 --><\/p>\n","protected":false},"excerpt":{"rendered":"<p>EL CLUB Board of Directors President: Mr. Casimiro Ayesta Gonz\u00e1lez Vice President: Mr. Juan Garc\u00eda-Ochoa Zuazua Treasurer: Ms. Luc\u00eda Herrero Cuevas Secretary:&nbsp;Mr. Fernando Garc\u00eda-Montoto Garc\u00eda Board Members Mr. Miguel D\u00edaz-Negrete [&hellip;]<\/p>\n","protected":false},"author":1,"featured_media":0,"parent":0,"menu_order":0,"comment_status":"closed","ping_status":"closed","template":"brizy-blank-template.php","meta":{"_acf_changed":false,"site-sidebar-layout":"default","site-content-layout":"","ast-site-content-layout":"default","site-content-style":"default","site-sidebar-style":"default","ast-global-header-display":"","ast-banner-title-visibility":"","ast-main-header-display":"","ast-hfb-above-header-display":"","ast-hfb-below-header-display":"","ast-hfb-mobile-header-display":"","site-post-title":"","ast-breadcrumbs-content":"","ast-featured-img":"","footer-sml-layout":"","theme-transparent-header-meta":"default","adv-header-id-meta":"","stick-header-meta":"","header-above-stick-meta":"","header-main-stick-meta":"","header-below-stick-meta":"","astra-migrate-meta-layouts":"set","ast-page-background-enabled":"default","ast-page-background-meta":{"desktop":{"background-color":"var(--ast-global-color-5)","background-image":"","background-repeat":"repeat","background-position":"center center","background-size":"auto","background-attachment":"scroll","background-type":"","background-media":"","overlay-type":"","overlay-color":"","overlay-opacity":"","overlay-gradient":""},"tablet":{"background-color":"","background-image":"","background-repeat":"repeat","background-position":"center center","background-size":"auto","background-attachment":"scroll","background-type":"","background-media":"","overlay-type":"","overlay-color":"","overlay-opacity":"","overlay-gradient":""},"mobile":{"background-color":"","background-image":"","background-repeat":"repeat","background-position":"center center","background-size":"auto","background-attachment":"scroll","background-type":"","background-media":"","overlay-type":"","overlay-color":"","overlay-opacity":"","overlay-gradient":""}},"ast-content-background-meta":{"desktop":{"background-color":"var(--ast-global-color-4)","background-image":"","background-repeat":"repeat","background-position":"center center","background-size":"auto","background-attachment":"scroll","background-type":"","background-media":"","overlay-type":"","overlay-color":"","overlay-opacity":"","overlay-gradient":""},"tablet":{"background-color":"var(--ast-global-color-4)","background-image":"","background-repeat":"repeat","background-position":"center center","background-size":"auto","background-attachment":"scroll","background-type":"","background-media":"","overlay-type":"","overlay-color":"","overlay-opacity":"","overlay-gradient":""},"mobile":{"background-color":"var(--ast-global-color-4)","background-image":"","background-repeat":"repeat","background-position":"center center","background-size":"auto","background-attachment":"scroll","background-type":"","background-media":"","overlay-type":"","overlay-color":"","overlay-opacity":"","overlay-gradient":""}},"footnotes":""},"class_list":["post-91038","page","type-page","status-publish","hentry"],"acf":[],"yoast_head":"<!-- This site is optimized with the Yoast SEO plugin v27.4 - https:\/\/yoast.com\/product\/yoast-seo-wordpress\/ -->\n<title>Board of Directors - Real Club de Golf de Castiello<\/title>\n<meta name=\"robots\" content=\"index, follow, max-snippet:-1, max-image-preview:large, max-video-preview:-1\" \/>\n<link rel=\"canonical\" href=\"https:\/\/castiello.com\/en\/board-of-directors\/\" \/>\n<meta property=\"og:locale\" content=\"en_US\" \/>\n<meta property=\"og:type\" content=\"article\" \/>\n<meta property=\"og:title\" content=\"Board of Directors - Real Club de Golf de Castiello\" \/>\n<meta property=\"og:description\" content=\"EL CLUB Board of Directors President: Mr. Casimiro Ayesta Gonz\u00e1lez Vice President: Mr. Juan Garc\u00eda-Ochoa Zuazua Treasurer: Ms. Luc\u00eda Herrero Cuevas Secretary:&nbsp;Mr. Fernando Garc\u00eda-Montoto Garc\u00eda Board Members Mr. Miguel D\u00edaz-Negrete [&hellip;]\" \/>\n<meta property=\"og:url\" content=\"https:\/\/castiello.com\/en\/board-of-directors\/\" \/>\n<meta property=\"og:site_name\" content=\"Real Club de Golf de Castiello\" \/>\n<meta property=\"article:modified_time\" content=\"2025-12-01T13:28:10+00:00\" \/>\n<meta name=\"twitter:card\" content=\"summary_large_image\" \/>\n<meta name=\"twitter:label1\" content=\"Est. reading time\" \/>\n\t<meta name=\"twitter:data1\" content=\"1 minute\" \/>\n<script type=\"application\/ld+json\" class=\"yoast-schema-graph\">{\"@context\":\"https:\\\/\\\/schema.org\",\"@graph\":[{\"@type\":\"WebPage\",\"@id\":\"https:\\\/\\\/castiello.com\\\/en\\\/board-of-directors\\\/\",\"url\":\"https:\\\/\\\/castiello.com\\\/en\\\/board-of-directors\\\/\",\"name\":\"Board of Directors - Real Club de Golf de Castiello\",\"isPartOf\":{\"@id\":\"https:\\\/\\\/castiello.com\\\/#website\"},\"datePublished\":\"2025-06-20T05:20:39+00:00\",\"dateModified\":\"2025-12-01T13:28:10+00:00\",\"breadcrumb\":{\"@id\":\"https:\\\/\\\/castiello.com\\\/en\\\/board-of-directors\\\/#breadcrumb\"},\"inLanguage\":\"en-US\",\"potentialAction\":[{\"@type\":\"ReadAction\",\"target\":[\"https:\\\/\\\/castiello.com\\\/en\\\/board-of-directors\\\/\"]}]},{\"@type\":\"BreadcrumbList\",\"@id\":\"https:\\\/\\\/castiello.com\\\/en\\\/board-of-directors\\\/#breadcrumb\",\"itemListElement\":[{\"@type\":\"ListItem\",\"position\":1,\"name\":\"Portada\",\"item\":\"https:\\\/\\\/castiello.com\\\/\"},{\"@type\":\"ListItem\",\"position\":2,\"name\":\"Board of Directors\"}]},{\"@type\":\"WebSite\",\"@id\":\"https:\\\/\\\/castiello.com\\\/#website\",\"url\":\"https:\\\/\\\/castiello.com\\\/\",\"name\":\"Real Club de Golf de Castiello\",\"description\":\"Club de Golf\",\"publisher\":{\"@id\":\"https:\\\/\\\/castiello.com\\\/#organization\"},\"potentialAction\":[{\"@type\":\"SearchAction\",\"target\":{\"@type\":\"EntryPoint\",\"urlTemplate\":\"https:\\\/\\\/castiello.com\\\/?s={search_term_string}\"},\"query-input\":{\"@type\":\"PropertyValueSpecification\",\"valueRequired\":true,\"valueName\":\"search_term_string\"}}],\"inLanguage\":\"en-US\"},{\"@type\":\"Organization\",\"@id\":\"https:\\\/\\\/castiello.com\\\/#organization\",\"name\":\"Real Club de Golf de Castiello\",\"url\":\"https:\\\/\\\/castiello.com\\\/\",\"logo\":{\"@type\":\"ImageObject\",\"inLanguage\":\"en-US\",\"@id\":\"https:\\\/\\\/castiello.com\\\/#\\\/schema\\\/logo\\\/image\\\/\",\"url\":\"https:\\\/\\\/castiello.com\\\/wp-content\\\/uploads\\\/2025\\\/06\\\/RCGC-logo.png\",\"contentUrl\":\"https:\\\/\\\/castiello.com\\\/wp-content\\\/uploads\\\/2025\\\/06\\\/RCGC-logo.png\",\"width\":1001,\"height\":386,\"caption\":\"Real Club de Golf de Castiello\"},\"image\":{\"@id\":\"https:\\\/\\\/castiello.com\\\/#\\\/schema\\\/logo\\\/image\\\/\"}}]}<\/script>\n<!-- \/ Yoast SEO plugin. -->","yoast_head_json":{"title":"Board of Directors - Real Club de Golf de Castiello","robots":{"index":"index","follow":"follow","max-snippet":"max-snippet:-1","max-image-preview":"max-image-preview:large","max-video-preview":"max-video-preview:-1"},"canonical":"https:\/\/castiello.com\/en\/board-of-directors\/","og_locale":"en_US","og_type":"article","og_title":"Board of Directors - Real Club de Golf de Castiello","og_description":"EL CLUB Board of Directors President: Mr. Casimiro Ayesta Gonz\u00e1lez Vice President: Mr. Juan Garc\u00eda-Ochoa Zuazua Treasurer: Ms. Luc\u00eda Herrero Cuevas Secretary:&nbsp;Mr. Fernando Garc\u00eda-Montoto Garc\u00eda Board Members Mr. Miguel D\u00edaz-Negrete [&hellip;]","og_url":"https:\/\/castiello.com\/en\/board-of-directors\/","og_site_name":"Real Club de Golf de Castiello","article_modified_time":"2025-12-01T13:28:10+00:00","twitter_card":"summary_large_image","twitter_misc":{"Est. reading time":"1 minute"},"schema":{"@context":"https:\/\/schema.org","@graph":[{"@type":"WebPage","@id":"https:\/\/castiello.com\/en\/board-of-directors\/","url":"https:\/\/castiello.com\/en\/board-of-directors\/","name":"Board of Directors - Real Club de Golf de Castiello","isPartOf":{"@id":"https:\/\/castiello.com\/#website"},"datePublished":"2025-06-20T05:20:39+00:00","dateModified":"2025-12-01T13:28:10+00:00","breadcrumb":{"@id":"https:\/\/castiello.com\/en\/board-of-directors\/#breadcrumb"},"inLanguage":"en-US","potentialAction":[{"@type":"ReadAction","target":["https:\/\/castiello.com\/en\/board-of-directors\/"]}]},{"@type":"BreadcrumbList","@id":"https:\/\/castiello.com\/en\/board-of-directors\/#breadcrumb","itemListElement":[{"@type":"ListItem","position":1,"name":"Portada","item":"https:\/\/castiello.com\/"},{"@type":"ListItem","position":2,"name":"Board of Directors"}]},{"@type":"WebSite","@id":"https:\/\/castiello.com\/#website","url":"https:\/\/castiello.com\/","name":"Real Club de Golf de Castiello","description":"Club de Golf","publisher":{"@id":"https:\/\/castiello.com\/#organization"},"potentialAction":[{"@type":"SearchAction","target":{"@type":"EntryPoint","urlTemplate":"https:\/\/castiello.com\/?s={search_term_string}"},"query-input":{"@type":"PropertyValueSpecification","valueRequired":true,"valueName":"search_term_string"}}],"inLanguage":"en-US"},{"@type":"Organization","@id":"https:\/\/castiello.com\/#organization","name":"Real Club de Golf de Castiello","url":"https:\/\/castiello.com\/","logo":{"@type":"ImageObject","inLanguage":"en-US","@id":"https:\/\/castiello.com\/#\/schema\/logo\/image\/","url":"https:\/\/castiello.com\/wp-content\/uploads\/2025\/06\/RCGC-logo.png","contentUrl":"https:\/\/castiello.com\/wp-content\/uploads\/2025\/06\/RCGC-logo.png","width":1001,"height":386,"caption":"Real Club de Golf de Castiello"},"image":{"@id":"https:\/\/castiello.com\/#\/schema\/logo\/image\/"}}]}},"brizy_media":[],"_links":{"self":[{"href":"https:\/\/castiello.com\/en\/wp-json\/wp\/v2\/pages\/91038","targetHints":{"allow":["GET"]}}],"collection":[{"href":"https:\/\/castiello.com\/en\/wp-json\/wp\/v2\/pages"}],"about":[{"href":"https:\/\/castiello.com\/en\/wp-json\/wp\/v2\/types\/page"}],"author":[{"embeddable":true,"href":"https:\/\/castiello.com\/en\/wp-json\/wp\/v2\/users\/1"}],"replies":[{"embeddable":true,"href":"https:\/\/castiello.com\/en\/wp-json\/wp\/v2\/comments?post=91038"}],"version-history":[{"count":0,"href":"https:\/\/castiello.com\/en\/wp-json\/wp\/v2\/pages\/91038\/revisions"}],"wp:attachment":[{"href":"https:\/\/castiello.com\/en\/wp-json\/wp\/v2\/media?parent=91038"}],"curies":[{"name":"wp","href":"https:\/\/api.w.org\/{rel}","templated":true}]}}